{"id":1400,"date":"2023-12-03T11:46:05","date_gmt":"2023-12-03T11:46:05","guid":{"rendered":"http:\/\/localhost\/wordpress-3\/?page_id=1400"},"modified":"2024-11-10T18:37:26","modified_gmt":"2024-11-10T17:37:26","slug":"regulamin-rezerwacji","status":"publish","type":"page","link":"https:\/\/pensjonatmagdalena.pl\/index.php\/regulamin-rezerwacji\/","title":{"rendered":"Regulamin rezerwacji"},"content":{"rendered":"\t\t<div data-elementor-type=\"wp-page\" data-elementor-id=\"1400\" class=\"elementor elementor-1400\">\n\t\t\t\t<div class=\"elementor-element elementor-element-3f1ed90 e-flex e-con-boxed wpr-particle-no wpr-jarallax-no wpr-parallax-no wpr-sticky-section-no e-con e-parent\" data-id=\"3f1ed90\" data-element_type=\"container\">\n\t\t\t\t\t<div class=\"e-con-inner\">\n\t\t\t\t<div class=\"elementor-element elementor-element-36d8e1ed elementor-widget elementor-widget-text-editor\" data-id=\"36d8e1ed\" data-element_type=\"widget\" data-widget_type=\"text-editor.default\">\n\t\t\t\t<div class=\"elementor-widget-container\">\n\t\t\t\t\t\t\t\t\t<p><\/p>\n<p><b>58-580 Szklarska Por\u0119ba ul. Oficerska 2<\/b><\/p>\n<p><\/p>\n<p><\/p>\n<p>Pensjonat Magdalena przyjmuje rezerwacj\u0119 za pomoc\u0105 nast\u0119puj\u0105cych czynno\u015bci:<\/p>\n<p><\/p>\n<p><\/p>\n<p>\u2013 telefonicznie,<\/p>\n<p><\/p>\n<p><\/p>\n<p>\u2013 drog\u0105 elektroniczn\u0105 \u2013 poczta mailowa,<\/p>\n<p><\/p>\n<p><\/p>\n<p>\u2013 osobi\u015bcie w recepcji pensjonatu,<\/p>\n<p><\/p>\n<p><\/p>\n<p>1. Procedura rezerwacji.<\/p>\n<p><\/p>\n<p><\/p>\n<p>Klient rezerwuje pobyt w pensjonacie za pomoc\u0105 w\/w \u015brodk\u00f3w komunikacji. W momencie kontaktu rezerwacja jest niepotwierdzona i nale\u017cy j\u0105 traktowa\u0107 jako informacj\u0119 o dostepno\u015bci<\/p>\n<p><\/p>\n<p><\/p>\n<p>pokoju w okre\u015blonym przez Klienta terminie.<\/p>\n<p><\/p>\n<p><\/p>\n<p>Rezerwacj\u0119 uwa\u017ca si\u0119 za potwierdzon\u0105 po dokonaniu przez Klienta wp\u0142aty zadatku (zaliczki, przedp\u0142aty) w wysoko\u015bci minimum 30% warto\u015bci rezerwowanego pobytu, w terminie 3 dni od momentu zawarcia rezerwacji niepotwierdzonej.<\/p>\n<p><\/p>\n<p><\/p>\n<p>Zadatek (zaliczk\u0119, przedp\u0142at\u0119) nale\u017cy wp\u0142aci\u0107 na konto:<\/p>\n<p><\/p>\n<p><\/p>\n<p>PHU B\u0142awatek Barbara Kozak 58-580 Szklarska Por\u0119ba ul. Oficerska 2<\/p>\n<p><\/p>\n<p><\/p>\n<p>Santander Bank Polska 50 1090 1984 0000 0001 0331 9747<\/p>\n<p><\/p>\n<p><\/p>\n<p>W tytule przelewu prosimy o wpisanie imienia i nazwiska oraz terminu rezerwowanego pobytu.<\/p>\n<p><\/p>\n<p><\/p>\n<p>Po zaksi\u0119gowaniu na naszym koncie zadatku (zaliczki, przedp\u0142aty) Klient zostanie powiadomiony o potwierdzeniu rezerwacji drog\u0105 mailow\u0105, telefonicznie lub listownie w przypadku braku innej mo\u017cliwo\u015bci potwierdzenia rezerwacji.<\/p>\n<p><\/p>\n<p><\/p>\n<p>2. Anulowanie rezerwacji.<\/p>\n<p><\/p>\n<p><\/p>\n<p>a. Brak wp\u0142aty zadatku (zaliczki, przedp\u0142aty) w wymienionym w pkt.1 terminie powoduje automatyczne anulowanie rezerwacji.<\/p>\n<p><\/p>\n<p><\/p>\n<p>b. W przypadku odwo\u0142ania rezerwacji w terminie do 30 dni przed dniem w kt\u00f3rym mia\u0142o nast\u0105pi\u0107 rozpocz\u0119cie pobytu w pensjonacie zadatek (zaliczka, przedp\u0142ata) zostanie w ca\u0142o\u015bci zwr\u00f3cony na konto bankowe wskazane przez Klienta.<\/p>\n<p><\/p>\n<p><\/p>\n<p>c. W przypadku odwo\u0142ania rezerwacji po terminie wskazanym wy\u017cej zadatek (zaliczka, przedp\u0142ata) nie zostan\u0105 zwr\u00f3cone.<\/p>\n<p><\/p>\n<p><\/p>\n<p>d. W przypadku skr\u00f3cenia pobytu z przyczyn le\u017c\u0105cych po stronie Klienta pensjonat nie zwraca koszt\u00f3w op\u0142aconych a niewykorzystanych nocleg\u00f3w.Klient ma prawo do zwrotu zap\u0142aconych a niewykorzystanych, z uwagi na skr\u00f3cony pobyt, kwot wynikaj\u0105cych z us\u0142ug dodatkowych pensjonatu Magdalena takich jak posi\u0142ki, bilard, sauna, spa.<\/p>\n<p><\/p>\n<p><\/p>\n<p>3. Zap\u0142ata za pobyt.<\/p>\n<p><\/p>\n<p><\/p>\n<p>Klient zobowi\u0105zany jest zap\u0142aci\u0107 za rezerwowany pobyt w dniu przyjazdu.Zap\u0142ata zostanie umniejszona o kwot\u0119 wcze\u015bniej wp\u0142aconego zadatku (zaliczki, przedp\u0142aty).<\/p>\n<p><\/p>\n<p><\/p>\n<p>Klient zobowi\u0105zany jest r\u00f3wnie\u017c do uiszczenia obowi\u0105zkowej op\u0142aty na rzecz miasta Szklarska Por\u0119ba.Wysoko\u015b\u0107 op\u0142aty wynosi obecnie 2,20 z\u0142 (osoba) za ka\u017cdy dzie\u0144 pobytu wliczaj\u0105c dzie\u0144 przyjazdu i dzie\u0144 wyjazdu.<\/p>\n<p><\/p>\n<p><\/p>\n<p>4. Polityka prywatno\u015bci.<\/p>\n<p><\/p>\n<p><\/p>\n<p>Zgodnie z unijnym rozporz\u0105dzeniem RODO z dnia 27 kwietnia 2016r, kt\u00f3rego celem jest ochrona os\u00f3b fizycznych w zwi\u0105zku z przetwarzaniem danych osobowych i regulacja swobodnego przep\u0142ywu takich danych, informujemy Pa\u0144stwa, \u017ce wszystkie dane osobowe, kt\u00f3re s\u0105 niezb\u0119dne do rezerwacji naszego obiektu czyli adres e-mail, imi\u0119 i nazwisko, adres zamieszkania, pesel i numer telefonu s\u0105 wykorzystane przez nas wy\u0142\u0105cznie w celu wykonania us\u0142ugi turystycznej.<\/p>\n<p><\/p>\n<p><\/p>\n<p>Nie udost\u0119pniamy Twoich danych osobom trzecim z wyj\u0105tkiem sytuacji, gdy ich udost\u0119pnienie nast\u0119puje w wyniku obowi\u0105zku przewidzianego przepisami prawa.<\/p>\n<p><\/p>\n<p><\/p>\n<p>Dane osobowe s\u0105 zabezpieczone.<\/p>\n<p><\/p>\n<p><\/p>\n<p>Administratorem danych jest firma PHU B\u0142awatek Barbara Kozak z siedzib\u0105 w Poznaniu przy ul. Zdunowskiej 5. W\u0142a\u015bcicielem firmy jest Barbara Kozak.<\/p>\n<p><\/p>\n<p><\/p>\n<p>Administrator u\u017cywa danych osobowych klient\u00f3w wy\u0142\u0105cznie do cel\u00f3w ksi\u0119gowych i dzia\u0142a\u0144 prowadz\u0105cych do wywi\u0105zania si\u0119 z umowy o us\u0142ug\u0119 turystyczn\u0105.<\/p>\n<p><\/p>\n<p><\/p>\n<p>Twoje dane osobowe b\u0119d\u0105 przechowywane przez administratora przez okres czasu niezb\u0119dny do wykonania us\u0142ugi turystycznej w spos\u00f3b prawid\u0142owy oraz przez czas wymagany prawem w zakresie prowadzenia ksi\u0119gowo\u015bci i rachunkowo\u015bci.<\/p>\n<p><\/p>\n<p><\/p>\n<p>Informacja o Twoich prawach.<\/p>\n<p><\/p>\n<p><\/p>\n<p>Podanie danych osobowych jest dobrowolne. Ka\u017cdej osobie podaj\u0105cej swoje dane osobowe przys\u0142uguje prawo dost\u0119pu do danych, sprostowania danych, prawo ograniczenia przetwarzania, prawo usuni\u0119cia danych, prawo wyra\u017cenia sprzeciwu wobec przetwarzania, prawo z\u0142o\u017cenia skargi do organu nadzorczego ochrony danych.<\/p>\n<p><\/p>\n<p><\/p>\n<p>Podstaw\u0105 przetwarzania danych osobowych podanych w trakcie rezerwacji noclegu w naszym obiekcie jest realizacja umowy, kt\u00f3rej szczeg\u00f3\u0142y opisane zosta\u0142y w regulaminie obiektu.<\/p>\n<p><\/p>\n<p><\/p>\n<p>W celu uzyskania wi\u0119kszej ilo\u015bci informacji o przys\u0142uguj\u0105cych prawach lub w razie jakichkolwiek pyta\u0144 lub \u017c\u0105da\u0144 usuni\u0119cia danych prosimy o kontakt z administratorem drog\u0105 mailow\u0105 pensjonatmagdalena@poczta.onet.pl lub telefonicznie 757172788 lub listownie na adres PHU B\u0142awatek 61-058 Pozna\u0144 ul. Zdunowska 5<\/p>\n<p><\/p>\n<p><\/p>\n<p>5. Akceptacja regulaminu<\/p>\n<p><\/p>\n<p><\/p>\n<p>Dokonanie rezerwacji oznacza akceptacje niniejszego Regulaminu.<br><\/p>\n<p><\/p>\n<p><\/p>\n<p>Honorujemy karty p\u0142atnicze:<\/p>\n<p><\/p>\n<p><\/p>\n<p>Master Card, Master Card Electronic, Maestro, Visa, Visa Electron<\/p>\n<p><\/p>\t\t\t\t\t\t\t\t<\/div>\n\t\t\t\t<\/div>\n\t\t\t\t\t<\/div>\n\t\t\t\t<\/div>\n\t\t\t\t<\/div>\n\t\t","protected":false},"excerpt":{"rendered":"<p>58-580 Szklarska Por\u0119ba ul. Oficerska 2 Pensjonat Magdalena przyjmuje rezerwacj\u0119 za pomoc\u0105 nast\u0119puj\u0105cych czynno\u015bci: \u2013 telefonicznie, \u2013 drog\u0105 elektroniczn\u0105 \u2013 poczta mailowa, \u2013 osobi\u015bcie w recepcji pensjonatu, 1. Procedura rezerwacji. Klient rezerwuje pobyt w pensjonacie za pomoc\u0105 w\/w \u015brodk\u00f3w komunikacji. W momencie kontaktu rezerwacja jest niepotwierdzona i nale\u017cy j\u0105 traktowa\u0107 jako informacj\u0119 o dostepno\u015bci pokoju w okre\u015blonym przez Klienta terminie. Rezerwacj\u0119 uwa\u017ca si\u0119 za potwierdzon\u0105 po dokonaniu przez Klienta wp\u0142aty zadatku (zaliczki, przedp\u0142aty) w wysoko\u015bci minimum 30% warto\u015bci rezerwowanego pobytu, w terminie 3 dni od momentu zawarcia rezerwacji niepotwierdzonej. Zadatek (zaliczk\u0119, przedp\u0142at\u0119) nale\u017cy wp\u0142aci\u0107 na konto: PHU B\u0142awatek Barbara Kozak 58-580 Szklarska Por\u0119ba ul. Oficerska 2 Santander Bank Polska 50 1090 1984 0000 0001 0331 9747 W tytule przelewu prosimy o wpisanie imienia i nazwiska oraz terminu rezerwowanego pobytu. Po zaksi\u0119gowaniu na naszym koncie zadatku (zaliczki, przedp\u0142aty) Klient zostanie powiadomiony o potwierdzeniu rezerwacji drog\u0105 mailow\u0105, telefonicznie lub listownie w przypadku braku innej mo\u017cliwo\u015bci potwierdzenia rezerwacji. 2. Anulowanie rezerwacji. a. Brak wp\u0142aty zadatku (zaliczki, przedp\u0142aty) w wymienionym w pkt.1 terminie powoduje automatyczne anulowanie rezerwacji. b. W przypadku odwo\u0142ania rezerwacji w terminie do 30 dni przed dniem w kt\u00f3rym mia\u0142o nast\u0105pi\u0107 rozpocz\u0119cie pobytu w pensjonacie zadatek (zaliczka, przedp\u0142ata) zostanie w ca\u0142o\u015bci zwr\u00f3cony na konto bankowe wskazane przez Klienta. c. W przypadku odwo\u0142ania rezerwacji po terminie wskazanym wy\u017cej zadatek (zaliczka, przedp\u0142ata) nie zostan\u0105 zwr\u00f3cone. d. W przypadku skr\u00f3cenia pobytu z przyczyn le\u017c\u0105cych po stronie Klienta pensjonat nie zwraca koszt\u00f3w op\u0142aconych a niewykorzystanych nocleg\u00f3w.Klient ma prawo do zwrotu zap\u0142aconych a niewykorzystanych, z uwagi na skr\u00f3cony pobyt, kwot wynikaj\u0105cych z us\u0142ug dodatkowych pensjonatu Magdalena takich jak posi\u0142ki, bilard, sauna, spa. 3. Zap\u0142ata za pobyt. Klient zobowi\u0105zany jest zap\u0142aci\u0107 za rezerwowany pobyt w dniu przyjazdu.Zap\u0142ata zostanie umniejszona o kwot\u0119 wcze\u015bniej wp\u0142aconego zadatku (zaliczki, przedp\u0142aty). Klient zobowi\u0105zany jest r\u00f3wnie\u017c do uiszczenia obowi\u0105zkowej op\u0142aty na rzecz miasta Szklarska Por\u0119ba.Wysoko\u015b\u0107 op\u0142aty wynosi obecnie 2,20 z\u0142 (osoba) za ka\u017cdy dzie\u0144 pobytu wliczaj\u0105c dzie\u0144 przyjazdu i dzie\u0144 wyjazdu. 4. Polityka prywatno\u015bci. Zgodnie z unijnym rozporz\u0105dzeniem RODO z dnia 27 kwietnia 2016r, kt\u00f3rego celem jest ochrona os\u00f3b fizycznych w zwi\u0105zku z przetwarzaniem danych osobowych i regulacja swobodnego przep\u0142ywu takich danych, informujemy Pa\u0144stwa, \u017ce wszystkie dane osobowe, kt\u00f3re s\u0105 niezb\u0119dne do rezerwacji naszego obiektu czyli adres e-mail, imi\u0119 i nazwisko, adres zamieszkania, pesel i numer telefonu s\u0105 wykorzystane przez nas wy\u0142\u0105cznie w celu wykonania us\u0142ugi turystycznej. Nie udost\u0119pniamy Twoich danych osobom trzecim z wyj\u0105tkiem sytuacji, gdy ich udost\u0119pnienie nast\u0119puje w wyniku obowi\u0105zku przewidzianego przepisami prawa. Dane osobowe s\u0105 zabezpieczone. Administratorem danych jest firma PHU B\u0142awatek Barbara Kozak z siedzib\u0105 w Poznaniu przy ul. Zdunowskiej 5. W\u0142a\u015bcicielem firmy jest Barbara Kozak. Administrator u\u017cywa danych osobowych klient\u00f3w wy\u0142\u0105cznie do cel\u00f3w ksi\u0119gowych i dzia\u0142a\u0144 prowadz\u0105cych do wywi\u0105zania si\u0119 z umowy o us\u0142ug\u0119 turystyczn\u0105. Twoje dane osobowe b\u0119d\u0105 przechowywane przez administratora przez okres czasu niezb\u0119dny do wykonania us\u0142ugi turystycznej w spos\u00f3b prawid\u0142owy oraz przez czas wymagany prawem w zakresie prowadzenia ksi\u0119gowo\u015bci i rachunkowo\u015bci. Informacja o Twoich prawach. Podanie danych osobowych jest dobrowolne. Ka\u017cdej osobie podaj\u0105cej swoje dane osobowe przys\u0142uguje prawo dost\u0119pu do danych, sprostowania danych, prawo ograniczenia przetwarzania, prawo usuni\u0119cia danych, prawo wyra\u017cenia sprzeciwu wobec przetwarzania, prawo z\u0142o\u017cenia skargi do organu nadzorczego ochrony danych. Podstaw\u0105 przetwarzania danych osobowych podanych w trakcie rezerwacji noclegu w naszym obiekcie jest realizacja umowy, kt\u00f3rej szczeg\u00f3\u0142y opisane zosta\u0142y w regulaminie obiektu. W celu uzyskania wi\u0119kszej ilo\u015bci informacji o przys\u0142uguj\u0105cych prawach lub w razie jakichkolwiek pyta\u0144 lub \u017c\u0105da\u0144 usuni\u0119cia danych prosimy o kontakt z administratorem drog\u0105 mailow\u0105 pensjonatmagdalena@poczta.onet.pl lub telefonicznie 757172788 lub listownie na adres PHU B\u0142awatek 61-058 Pozna\u0144 ul. Zdunowska 5 5. Akceptacja regulaminu Dokonanie rezerwacji oznacza akceptacje niniejszego Regulaminu. Honorujemy karty p\u0142atnicze: Master Card, Master Card Electronic, Maestro, Visa, Visa Electron<\/p>\n","protected":false},"author":2,"featured_media":0,"parent":0,"menu_order":0,"comment_status":"closed","ping_status":"closed","template":"","meta":{"_monsterinsights_skip_tracking":false,"_monsterinsights_sitenote_active":false,"_monsterinsights_sitenote_note":"","_monsterinsights_sitenote_category":0,"_uf_show_specific_survey":0,"_uf_disable_surveys":false,"footnotes":""},"class_list":["post-1400","page","type-page","status-publish","hentry"],"aioseo_notices":[],"jetpack_sharing_enabled":true,"_links":{"self":[{"href":"https:\/\/pensjonatmagdalena.pl\/index.php\/wp-json\/wp\/v2\/pages\/1400","targetHints":{"allow":["GET"]}}],"collection":[{"href":"https:\/\/pensjonatmagdalena.pl\/index.php\/wp-json\/wp\/v2\/pages"}],"about":[{"href":"https:\/\/pensjonatmagdalena.pl\/index.php\/wp-json\/wp\/v2\/types\/page"}],"author":[{"embeddable":true,"href":"https:\/\/pensjonatmagdalena.pl\/index.php\/wp-json\/wp\/v2\/users\/2"}],"replies":[{"embeddable":true,"href":"https:\/\/pensjonatmagdalena.pl\/index.php\/wp-json\/wp\/v2\/comments?post=1400"}],"version-history":[{"count":0,"href":"https:\/\/pensjonatmagdalena.pl\/index.php\/wp-json\/wp\/v2\/pages\/1400\/revisions"}],"wp:attachment":[{"href":"https:\/\/pensjonatmagdalena.pl\/index.php\/wp-json\/wp\/v2\/media?parent=1400"}],"curies":[{"name":"wp","href":"https:\/\/api.w.org\/{rel}","templated":true}]}}