{"id":1714,"date":"2021-12-24T07:48:46","date_gmt":"2021-12-24T07:48:46","guid":{"rendered":"https:\/\/demosites.royal-elementor-addons.com\/nature-v1\/?page_id=305"},"modified":"2024-05-03T14:50:47","modified_gmt":"2024-05-03T12:50:47","slug":"atrakcje","status":"publish","type":"page","link":"https:\/\/pensjonatmagdalena.pl\/index.php\/atrakcje\/","title":{"rendered":"Atrakcje"},"content":{"rendered":"\t\t<div data-elementor-type=\"wp-page\" data-elementor-id=\"1714\" class=\"elementor elementor-1714\">\n\t\t\t\t\t\t<section class=\"elementor-section elementor-top-section elementor-element elementor-element-b679935 elementor-section-boxed elementor-section-height-default elementor-section-height-default wpr-particle-no wpr-jarallax-no wpr-parallax-no wpr-sticky-section-no\" data-id=\"b679935\" data-element_type=\"section\" data-settings=\"{&quot;background_background&quot;:&quot;classic&quot;}\">\n\t\t\t\t\t\t\t<div class=\"elementor-background-overlay\"><\/div>\n\t\t\t\t\t\t\t<div class=\"elementor-container elementor-column-gap-default\">\n\t\t\t\t\t<div class=\"elementor-column elementor-col-100 elementor-top-column elementor-element elementor-element-2fa5267\" data-id=\"2fa5267\" data-element_type=\"column\">\n\t\t\t<div class=\"elementor-widget-wrap elementor-element-populated\">\n\t\t\t\t\t\t<div class=\"elementor-element elementor-element-f1bf96d elementor-widget elementor-widget-heading\" data-id=\"f1bf96d\" data-element_type=\"widget\" data-widget_type=\"heading.default\">\n\t\t\t\t<div class=\"elementor-widget-container\">\n\t\t\t\t\t<h2 class=\"elementor-heading-title elementor-size-default\">Atrakcje<\/h2>\t\t\t\t<\/div>\n\t\t\t\t<\/div>\n\t\t\t\t\t<\/div>\n\t\t<\/div>\n\t\t\t\t\t<\/div>\n\t\t<\/section>\n\t\t<div class=\"elementor-element elementor-element-0553097 e-flex e-con-boxed wpr-particle-no wpr-jarallax-no wpr-parallax-no wpr-sticky-section-no e-con e-parent\" data-id=\"0553097\" data-element_type=\"container\">\n\t\t\t\t\t<div class=\"e-con-inner\">\n\t\t\t\t<div class=\"elementor-element elementor-element-e676841 elementor-widget elementor-widget-text-editor\" data-id=\"e676841\" data-element_type=\"widget\" data-widget_type=\"text-editor.default\">\n\t\t\t\t<div class=\"elementor-widget-container\">\n\t\t\t\t\t\t\t\t\t<p>Szklarska Por\u0119ba i jej okolice to nie tylko atrakcje turystyczne, ale prawdziwe odkrywanie natury, historii i sztuki. Niech ka\u017cdy krok prowadzi do nowego do\u015bwiadczenia i niezapomnianych chwil, tworz\u0105c niepowtarzalne wspomnienia z podr\u00f3\u017cy po tym magicznym regionie. Zapraszamy do odkrywania i cieszenia si\u0119 urokami Szklarskiej Por\u0119by!<\/p>\t\t\t\t\t\t\t\t<\/div>\n\t\t\t\t<\/div>\n\t\t<div class=\"elementor-element elementor-element-bb7a5a5 e-flex e-con-boxed wpr-particle-no wpr-jarallax-no wpr-parallax-no wpr-sticky-section-no e-con e-child\" data-id=\"bb7a5a5\" data-element_type=\"container\">\n\t\t\t\t\t<div class=\"e-con-inner\">\n\t\t\t\t<div class=\"elementor-element elementor-element-68c81a5 wpr-grid-columns-3 wpr-grid-columns--tablet2 wpr-grid-columns--mobile1 wpr-grid-pagination-center wpr-item-styles-inner elementor-widget elementor-widget-wpr-grid\" data-id=\"68c81a5\" data-element_type=\"widget\" data-widget_type=\"wpr-grid.default\">\n\t\t\t\t<div class=\"elementor-widget-container\">\n\t\t\t\t\t<ul class=\"wpr-grid-filters elementor-clearfix wpr-grid-filters-sep-right\"><li class=\" wpr-pointer-none wpr-pointer-line-fx wpr-pointer-fx-none\"><span  data-filter=\"*\" class=\"wpr-grid-filters-item wpr-active-filter \">Wszystkie<\/span><em class=\"wpr-grid-filters-sep\"><\/em><\/li><li class=\" wpr-pointer-none wpr-pointer-line-fx wpr-pointer-fx-none\"><span   data-ajax-filter=[\"category\",\"biking\"]  data-filter=\".category-biking\">Biking<\/span><em class=\"wpr-grid-filters-sep\"><\/em><\/li><li class=\" wpr-pointer-none wpr-pointer-line-fx wpr-pointer-fx-none\"><span   data-ajax-filter=[\"category\",\"camping\"]  data-filter=\".category-camping\">Camping<\/span><em class=\"wpr-grid-filters-sep\"><\/em><\/li><li class=\" wpr-pointer-none wpr-pointer-line-fx wpr-pointer-fx-none\"><span   data-ajax-filter=[\"category\",\"dla-rodzin\"]  data-filter=\".category-dla-rodzin\">Dla Rodzin<\/span><em class=\"wpr-grid-filters-sep\"><\/em><\/li><li class=\" wpr-pointer-none wpr-pointer-line-fx wpr-pointer-fx-none\"><span   data-ajax-filter=[\"category\",\"hiking\"]  data-filter=\".category-hiking\">Hiking<\/span><em class=\"wpr-grid-filters-sep\"><\/em><\/li><li class=\" wpr-pointer-none wpr-pointer-line-fx wpr-pointer-fx-none\"><span   data-ajax-filter=[\"category\",\"historyczne-i-kulturowe-skarby\"]  data-filter=\".category-historyczne-i-kulturowe-skarby\">Historyczne i kulturowe skarby<\/span><em class=\"wpr-grid-filters-sep\"><\/em><\/li><li class=\" wpr-pointer-none wpr-pointer-line-fx wpr-pointer-fx-none\"><span   data-ajax-filter=[\"category\",\"non-classe\"]  data-filter=\".category-non-classe\">Non class\u00e9<\/span><em class=\"wpr-grid-filters-sep\"><\/em><\/li><li class=\" wpr-pointer-none wpr-pointer-line-fx wpr-pointer-fx-none\"><span   data-ajax-filter=[\"category\",\"przyrodnicze-piekno\"]  data-filter=\".category-przyrodnicze-piekno\">Przyrodnicze pi\u0119kno<\/span><em class=\"wpr-grid-filters-sep\"><\/em><\/li><li class=\" wpr-pointer-none wpr-pointer-line-fx wpr-pointer-fx-none\"><span   data-ajax-filter=[\"category\",\"surfing\"]  data-filter=\".category-surfing\">Surfing<\/span><em class=\"wpr-grid-filters-sep\"><\/em><\/li><\/ul><section class=\"wpr-grid elementor-clearfix\" data-settings=\"{&quot;layout&quot;:&quot;fitRows&quot;,&quot;stick_last_element_to_bottom&quot;:&quot;&quot;,&quot;columns_desktop&quot;:3,&quot;gutter_hr&quot;:15,&quot;gutter_hr_mobile&quot;:15,&quot;gutter_hr_mobile_extra&quot;:15,&quot;gutter_hr_tablet&quot;:15,&quot;gutter_hr_tablet_extra&quot;:15,&quot;gutter_hr_laptop&quot;:15,&quot;gutter_hr_widescreen&quot;:15,&quot;gutter_vr&quot;:15,&quot;gutter_vr_mobile&quot;:15,&quot;gutter_vr_mobile_extra&quot;:15,&quot;gutter_vr_tablet&quot;:15,&quot;gutter_vr_tablet_extra&quot;:15,&quot;gutter_vr_laptop&quot;:15,&quot;gutter_vr_widescreen&quot;:15,&quot;animation&quot;:&quot;default&quot;,&quot;animation_duration&quot;:0.3,&quot;animation_delay&quot;:0.1,&quot;deeplinking&quot;:&quot;&quot;,&quot;filters_linkable&quot;:&quot;no&quot;,&quot;filters_default_filter&quot;:&quot;&quot;,&quot;filters_count&quot;:&quot;&quot;,&quot;filters_hide_empty&quot;:&quot;no&quot;,&quot;filters_animation&quot;:&quot;default&quot;,&quot;filters_animation_duration&quot;:0.3,&quot;filters_animation_delay&quot;:0.1,&quot;pagination_type&quot;:&quot;load-more&quot;,&quot;pagination_max_pages&quot;:1,&quot;lightbox&quot;:{&quot;selector&quot;:&quot;.wpr-grid-image-wrap&quot;,&quot;iframeMaxWidth&quot;:&quot;60%&quot;,&quot;hash&quot;:false,&quot;autoplay&quot;:&quot;true&quot;,&quot;pause&quot;:5000,&quot;progressBar&quot;:&quot;true&quot;,&quot;counter&quot;:&quot;true&quot;,&quot;controls&quot;:&quot;true&quot;,&quot;getCaptionFromTitleOrAlt&quot;:&quot;true&quot;,&quot;thumbnail&quot;:&quot;&quot;,&quot;showThumbByDefault&quot;:&quot;&quot;,&quot;share&quot;:&quot;&quot;,&quot;zoom&quot;:&quot;true&quot;,&quot;fullScreen&quot;:&quot;true&quot;,&quot;download&quot;:&quot;true&quot;}}\"><article class=\"wpr-grid-item elementor-clearfix post-1928 post type-post status-publish format-standard has-post-thumbnail hentry category-przyrodnicze-piekno\"><div class=\"wpr-grid-item-inner\"><div class=\"wpr-grid-media-wrap wpr-effect-size-medium \" data-overlay-link=\"yes\"><div class=\"wpr-grid-image-wrap\" data-src=\"\" data-img-on-hover=\"\"  data-src-secondary=\"\"><img decoding=\"async\" data-no-lazy=\"1\" src=\"\" alt=\"\" class=\"wpr-anim-timing-ease-default\"><\/div><div class=\"wpr-grid-media-hover wpr-animation-wrap\"><div class=\"wpr-grid-media-hover-bg  wpr-overlay-fade-in wpr-anim-size-large wpr-anim-timing-ease-default wpr-anim-transparency\" data-url=\"https:\/\/pensjonatmagdalena.pl\/index.php\/2024\/02\/22\/elementor-1928\/\"><\/div><\/div><\/div><div class=\"wpr-grid-item-below-content elementor-clearfix\"><h2 class=\"wpr-grid-item-title elementor-repeater-item-b53e9de wpr-grid-item-display-block wpr-grid-item-align-left wpr-pointer-none wpr-pointer-line-fx wpr-pointer-fx-fade\"><div class=\"inner-block\"><a target=\"_self\"  href=\"https:\/\/pensjonatmagdalena.pl\/index.php\/2024\/02\/22\/elementor-1928\/\">Wodospad Szklarki<\/a><\/div><\/h2><div class=\"wpr-grid-item-excerpt elementor-repeater-item-2c6ab47 wpr-grid-item-display-block wpr-grid-item-align-left\"><div class=\"inner-block\"><p>Przenie\u015bcie si\u0119 do \u015bwiata szumi\u0105cej wody i bujnej zieleni, odwiedzaj\u0105c imponuj\u0105cy Wodospad Szklarki. Ta naturalna kaskada wodna to nie tylko...<\/p><\/div><\/div><div class=\"wpr-grid-item-read-more elementor-repeater-item-7b1daa8 wpr-grid-item-display-block wpr-grid-item-align-left\"><div class=\"inner-block\"><a target=\"_self\" href=\"https:\/\/pensjonatmagdalena.pl\/index.php\/2024\/02\/22\/elementor-1928\/\" class=\"wpr-button-effect wpr-button-none\"><span>Zobacz wi\u0119cej<\/span><\/a><\/div><\/div><\/div><\/div><\/article><article class=\"wpr-grid-item elementor-clearfix post-1896 post type-post status-publish format-standard has-post-thumbnail hentry category-dla-rodzin\"><div class=\"wpr-grid-item-inner\"><div class=\"wpr-grid-media-wrap wpr-effect-size-medium \" data-overlay-link=\"yes\"><div class=\"wpr-grid-image-wrap\" data-src=\"\" data-img-on-hover=\"\"  data-src-secondary=\"\"><img decoding=\"async\" data-no-lazy=\"1\" src=\"\" alt=\"\" class=\"wpr-anim-timing-ease-default\"><\/div><div class=\"wpr-grid-media-hover wpr-animation-wrap\"><div class=\"wpr-grid-media-hover-bg  wpr-overlay-fade-in wpr-anim-size-large wpr-anim-timing-ease-default wpr-anim-transparency\" data-url=\"https:\/\/pensjonatmagdalena.pl\/index.php\/2024\/02\/22\/park-liniowy-trollandia\/\"><\/div><\/div><\/div><div class=\"wpr-grid-item-below-content elementor-clearfix\"><h2 class=\"wpr-grid-item-title elementor-repeater-item-b53e9de wpr-grid-item-display-block wpr-grid-item-align-left wpr-pointer-none wpr-pointer-line-fx wpr-pointer-fx-fade\"><div class=\"inner-block\"><a target=\"_self\"  href=\"https:\/\/pensjonatmagdalena.pl\/index.php\/2024\/02\/22\/park-liniowy-trollandia\/\">Park Linowy Trollandia<\/a><\/div><\/h2><div class=\"wpr-grid-item-excerpt elementor-repeater-item-2c6ab47 wpr-grid-item-display-block wpr-grid-item-align-left\"><div class=\"inner-block\"><p>W Parku Linowym Trollandia Szklarska Por\u0119ba ka\u017cdy mo\u017ce wzi\u0105\u0107 udzia\u0142 w przygodzie w\u015br\u00f3d drzew. Zawieszeni na linach, przemieszczaj\u0105c si\u0119 mi\u0119dzy...<\/p><\/div><\/div><div class=\"wpr-grid-item-read-more elementor-repeater-item-7b1daa8 wpr-grid-item-display-block wpr-grid-item-align-left\"><div class=\"inner-block\"><a target=\"_self\" href=\"https:\/\/pensjonatmagdalena.pl\/index.php\/2024\/02\/22\/park-liniowy-trollandia\/\" class=\"wpr-button-effect wpr-button-none\"><span>Zobacz wi\u0119cej<\/span><\/a><\/div><\/div><\/div><\/div><\/article><article class=\"wpr-grid-item elementor-clearfix post-2467 post type-post status-publish format-standard has-post-thumbnail hentry category-historyczne-i-kulturowe-skarby\"><div class=\"wpr-grid-item-inner\"><div class=\"wpr-grid-media-wrap wpr-effect-size-medium \" data-overlay-link=\"yes\"><div class=\"wpr-grid-image-wrap\" data-src=\"\" data-img-on-hover=\"\"  data-src-secondary=\"\"><img decoding=\"async\" data-no-lazy=\"1\" src=\"\" alt=\"\" class=\"wpr-anim-timing-ease-default\"><\/div><div class=\"wpr-grid-media-hover wpr-animation-wrap\"><div class=\"wpr-grid-media-hover-bg  wpr-overlay-fade-in wpr-anim-size-large wpr-anim-timing-ease-default wpr-anim-transparency\" data-url=\"https:\/\/pensjonatmagdalena.pl\/index.php\/2021\/12\/24\/green-fields-for-biking-2\/\"><\/div><\/div><\/div><div class=\"wpr-grid-item-below-content elementor-clearfix\"><h2 class=\"wpr-grid-item-title elementor-repeater-item-b53e9de wpr-grid-item-display-block wpr-grid-item-align-left wpr-pointer-none wpr-pointer-line-fx wpr-pointer-fx-fade\"><div class=\"inner-block\"><a target=\"_self\"  href=\"https:\/\/pensjonatmagdalena.pl\/index.php\/2021\/12\/24\/green-fields-for-biking-2\/\">Wlastimil\u00f3wka, czyli dom malarza Wlastimila Hofmana<\/a><\/div><\/h2><div class=\"wpr-grid-item-excerpt elementor-repeater-item-2c6ab47 wpr-grid-item-display-block wpr-grid-item-align-left\"><div class=\"inner-block\"><p>Zapraszamy Was do odkrycia magicznego domu malarza Wlastimila Hofmana w Szklarskiej Por\u0119bie. Wlastimil\u00f3wka to nie tylko miejsce, gdzie artysta czerpa\u0142...<\/p><\/div><\/div><div class=\"wpr-grid-item-read-more elementor-repeater-item-7b1daa8 wpr-grid-item-display-block wpr-grid-item-align-left\"><div class=\"inner-block\"><a target=\"_self\" href=\"https:\/\/pensjonatmagdalena.pl\/index.php\/2021\/12\/24\/green-fields-for-biking-2\/\" class=\"wpr-button-effect wpr-button-none\"><span>Zobacz wi\u0119cej<\/span><\/a><\/div><\/div><\/div><\/div><\/article><\/section>\t\t\t\t<\/div>\n\t\t\t\t<\/div>\n\t\t\t\t\t<\/div>\n\t\t\t\t<\/div>\n\t\t\t\t\t<\/div>\n\t\t\t\t<\/div>\n\t\t\t\t<\/div>\n\t\t","protected":false},"excerpt":{"rendered":"<p>Atrakcje Szklarska Por\u0119ba i jej okolice to nie tylko atrakcje turystyczne, ale prawdziwe odkrywanie natury, historii i sztuki. Niech ka\u017cdy krok prowadzi do nowego do\u015bwiadczenia i niezapomnianych chwil, tworz\u0105c niepowtarzalne wspomnienia z podr\u00f3\u017cy po tym magicznym regionie. Zapraszamy do odkrywania i cieszenia si\u0119 urokami Szklarskiej Por\u0119by! Wszystkie Dla Rodzin Historyczne i kulturowe skarby Przyrodnicze pi\u0119kno Wodospad Szklarki Przenie\u015bcie si\u0119 do \u015bwiata szumi\u0105cej wody i bujnej zieleni, odwiedzaj\u0105c imponuj\u0105cy Wodospad Szklarki. Ta naturalna kaskada wodna to nie tylko&hellip; Zobacz wi\u0119cej Park Linowy Trollandia W Parku Linowym Trollandia Szklarska Por\u0119ba ka\u017cdy mo\u017ce wzi\u0105\u0107 udzia\u0142 w przygodzie w\u015br\u00f3d drzew. Zawieszeni na linach, przemieszczaj\u0105c si\u0119 mi\u0119dzy&hellip; Zobacz wi\u0119cej Wlastimil\u00f3wka, czyli dom malarza Wlastimila Hofmana Zapraszamy Was do odkrycia magicznego domu malarza Wlastimila Hofmana w Szklarskiej Por\u0119bie. Wlastimil\u00f3wka to nie tylko miejsce, gdzie artysta czerpa\u0142&hellip; Zobacz wi\u0119cej<\/p>\n","protected":false},"author":1,"featured_media":0,"parent":0,"menu_order":0,"comment_status":"closed","ping_status":"closed","template":"elementor_canvas","meta":{"_monsterinsights_skip_tracking":false,"_monsterinsights_sitenote_active":false,"_monsterinsights_sitenote_note":"","_monsterinsights_sitenote_category":0,"_uf_show_specific_survey":0,"_uf_disable_surveys":false,"footnotes":""},"class_list":["post-1714","page","type-page","status-publish","hentry"],"aioseo_notices":[],"jetpack_sharing_enabled":true,"_links":{"self":[{"href":"https:\/\/pensjonatmagdalena.pl\/index.php\/wp-json\/wp\/v2\/pages\/1714","targetHints":{"allow":["GET"]}}],"collection":[{"href":"https:\/\/pensjonatmagdalena.pl\/index.php\/wp-json\/wp\/v2\/pages"}],"about":[{"href":"https:\/\/pensjonatmagdalena.pl\/index.php\/wp-json\/wp\/v2\/types\/page"}],"author":[{"embeddable":true,"href":"https:\/\/pensjonatmagdalena.pl\/index.php\/wp-json\/wp\/v2\/users\/1"}],"replies":[{"embeddable":true,"href":"https:\/\/pensjonatmagdalena.pl\/index.php\/wp-json\/wp\/v2\/comments?post=1714"}],"version-history":[{"count":0,"href":"https:\/\/pensjonatmagdalena.pl\/index.php\/wp-json\/wp\/v2\/pages\/1714\/revisions"}],"wp:attachment":[{"href":"https:\/\/pensjonatmagdalena.pl\/index.php\/wp-json\/wp\/v2\/media?parent=1714"}],"curies":[{"name":"wp","href":"https:\/\/api.w.org\/{rel}","templated":true}]}}