{"id":1861,"date":"2024-02-21T17:25:02","date_gmt":"2024-02-21T17:25:02","guid":{"rendered":"http:\/\/localhost\/wordpress-3\/?page_id=1861"},"modified":"2024-05-03T14:03:18","modified_gmt":"2024-05-03T12:03:18","slug":"informacje-dla-gosci","status":"publish","type":"page","link":"https:\/\/pensjonatmagdalena.pl\/index.php\/informacje-dla-gosci\/","title":{"rendered":"Informacje dla go\u015bci"},"content":{"rendered":"\t\t<div data-elementor-type=\"wp-page\" data-elementor-id=\"1861\" class=\"elementor elementor-1861\">\n\t\t\t\t<div class=\"elementor-element elementor-element-e0f72b2 e-flex e-con-boxed wpr-particle-no wpr-jarallax-no wpr-parallax-no wpr-sticky-section-no e-con e-parent\" data-id=\"e0f72b2\" data-element_type=\"container\">\n\t\t\t\t\t<div class=\"e-con-inner\">\n\t\t\t\t<div class=\"elementor-element elementor-element-546b4f0 elementor-widget elementor-widget-text-editor\" data-id=\"546b4f0\" data-element_type=\"widget\" data-widget_type=\"text-editor.default\">\n\t\t\t\t<div class=\"elementor-widget-container\">\n\t\t\t\t\t\t\t\t\t<p class=\"p1\"><span class=\"s1\"><b><i>INFORMATOR DLA GO\u015aCI<\/i><\/b><\/span><\/p><p class=\"p1\"><span class=\"s1\"><b><i>PENSJONATU \u201eMAGDALENA\u201d<\/i><\/b><\/span><\/p><p class=\"p1\"><span class=\"s1\"><b><i>W SZKLARSKIEJ POR\u0118BIE.<\/i><\/b><\/span><\/p><p class=\"p3\"><span class=\"s2\"><b><i>Szanowni Pa\u0144stwo<\/i><\/b><\/span><\/p><p class=\"p5\"><span class=\"s2\"><b><i>Chc\u0105c sprosta\u0107 Waszym oczekiwaniom i zapewni\u0107 komfortowy wypoczynek w mi\u0142ej atmosferze, prezentujemy kilka praktycznych informacji dotycz\u0105cych pensjonatu.<\/i><\/b><\/span><\/p><p class=\"p5\"><span class=\"s2\"><b><i>1. Pensjonat Magdalena sk\u0142ada si\u0119 3 budynk\u00f3w.<\/i><\/b><\/span><\/p><ul class=\"ul1\"><li class=\"li5\"><b><i><\/i><\/b><span class=\"s2\"><b><i>Pierwszy z nich to pokoje go\u015bcinne<\/i><\/b><i> <\/i><b><i>z dwoma wej\u015bciami :<\/i><\/b><\/span><\/li><li class=\"li5\"><b><i><\/i><\/b><span class=\"s2\"><b><i>* Na parterze, gdzie opr\u00f3cz pokoi go\u015bcinnych <span class=\"Apple-converted-space\">\u00a0 \u00a0 \u00a0 \u00a0 \u00a0 \u00a0 \u00a0 \u00a0 <\/span><\/i><\/b><i>{pokoje od 1do7} <\/i><b><i>znajduje si\u0119 tak\u017ce mini sala fitness, sauna, hol z biblioteczk\u0105 oraz lod\u00f3wka dla go\u015bci.<\/i><\/b><\/span><\/li><li class=\"li5\"><b><i><\/i><\/b><span class=\"s2\"><b><i> Dla najm\u0142odszych przygotowali\u015bmy tutaj tak\u017ce \u201ePok\u00f3j<\/i><\/b><\/span><span class=\"s3\"><b><i> z<\/i><\/b><\/span><span class=\"s2\"><b><i>abaw\u201d , w kt\u00f3rym, mamy nadziej\u0119, \u017ce sp\u0119dz\u0105 mi\u0142o i bezpiecznie czas. Doz\u00f3r i odpowiedzialno\u015b\u0107 za bezpiecze\u0144stwo dzieci przebywaj\u0105cych w tym pokoju spoczywa na ich opiekunach.<\/i><\/b><\/span><\/li><li class=\"li5\"><b><i><\/i><\/b><span class=\"s2\"><b><i> Tu\u017c obok \u201ePokoju zabaw\u201d znajdziecie Pa\u0144stwo pomieszczenie do przechowywania nart i baga\u017cy. Przy wej\u015bciu do budynku znajduje si\u0119 miejsce dla os\u00f3b pal\u0105cych.<\/i><\/b><\/span><\/li><\/ul><ul class=\"ul1\"><li class=\"li5\"><b><i><\/i><\/b><span class=\"s2\"><b><i>*Drugie wej\u015bcie <\/i><\/b><i>{ schody od strony Domku bilardowego}<\/i><b><i> prowadzi do pokoi na pierwszym pi\u0119trze <\/i><\/b><i>{numery od 10 do 15}.<\/i><b><i> Tam tak\u017ce, na ko\u0144cu korytarza, po prawej stronie, znajduje si\u0119, dost\u0119pny dla wszystkich go\u015bci, zewn\u0119trzny taras widokowy z le\u017cakami, sto\u0142ami i parasolami. Przy tym wej\u015bciu jest te\u017c miejsce dla os\u00f3b pal\u0105cych.<\/i><\/b><\/span><\/li><\/ul><ul class=\"ul1\"><li class=\"li5\"><b><i><\/i><\/b><span class=\"s2\"><b><i>W drugim budynku mie\u015bci si\u0119 jadalnia otwarta w godzinach 8.30-11.00 <\/i><\/b><i>{w tych godzinach zapraszamy go\u015bci na<\/i><b><i> <\/i><\/b><i>\u015bniadanie} <\/i><b><i>oraz 17.00-18.00<\/i><\/b><i> {serwowana jest<\/i><b><i> <\/i><\/b><i>obiadokolacja w sezonie zimowym} <\/i><b><i>lub 18.00-19.00<\/i><\/b><i> {w sezonie letnim}.<\/i><\/span><\/li><\/ul><ul class=\"ul2\"><li class=\"li5\"><b><i><\/i><\/b><span class=\"s2\"><b><i>Na stolikach w jadalni ustawione s\u0105 numerki<\/i><\/b><\/span><b><i> <\/i><\/b><span class=\"s2\"><b><i>odpowiadaj\u0105ce numerom Pa\u0144stwa pokoi.<\/i><\/b><\/span><\/li><li class=\"li5\"><b><i><\/i><\/b><span class=\"s2\"><b><i>Na szczycie tego budynku znajduje si\u0119 Recepcja z osobnym wej\u015bciem od strony parkingu. <\/i><\/b><\/span><span class=\"s1\"><b><i>Nr telefonu do recepcji dla go\u015bci pensjonatu 882\u00a0671058<span class=\"Apple-converted-space\">\u00a0<\/span><\/i><\/b><\/span><\/li><\/ul><ul class=\"ul1\"><li class=\"li5\"><b><i><\/i><\/b><span class=\"s2\"><b><i>Trzeci budynek to \u201eDomek bilardowy\u201d, do kt\u00f3rego klucze posiadacie Pa\u0144stwo w komplecie z kluczami<\/i><\/b><\/span><b><i> <\/i><\/b><span class=\"s2\"><b><i>do pokoi. Znajduje si\u0119 w nim du\u017cy telewizor, bilard <\/i><\/b><i>{bile nale\u017cy<\/i><b><i> <\/i><\/b><i>zabra\u0107 z recepcji}<\/i><b><i>, konsola XBOX {<\/i><\/b><i>pady i gry dost\u0119pne w<\/i><b><i> <\/i><\/b><i>recepcji} <\/i><b><i>oraz pi\u0142karzyki. To idealne miejsce na towarzyskie biesiady i d\u0142ugie nocne rozmowy. Powy\u017cej domku bilardowego usytuowane jest miejsce do grillowania.<\/i><\/b><\/span><\/li><\/ul><p class=\"p5\"><span class=\"s2\"><b><i>W pensjonacie znajduj\u0105 si\u0119 trzy apartamenty z osobnymi wej\u015bciami: apartament \u201eSrebrny\u201d z wej\u015bciem bezpo\u015brednio z jadalni, apartament \u201eBr\u0105zowy\u201d z wej\u015bciem obok jadalni oraz apartament \u201eZ\u0142oty\u201d z wej\u015bciem od strony \u201eDomku bilardowego\u201d.<\/i><\/b><\/span><\/p><p class=\"p5\"><span class=\"s2\"><b><i>2. Na terenie ogrodu znajduje si\u0119 mini plac zabaw dla dzieci. Odpowiedzialno\u015b\u0107 za swoje pociechy przebywaj\u0105ce na placu zabaw ponosz\u0105 opiekunowie.<\/i><\/b><\/span><\/p><p class=\"p5\"><span class=\"s2\"><b><i>Ze wzgl\u0119du na to, \u017ce teren pensjonatu jest pag\u00f3rkowaty, bardzo prosimy o zachowanie ostro\u017cno\u015bci szczeg\u00f3lnie w przypadku dzieci i os\u00f3b starszych.<\/i><\/b><\/span><\/p><p class=\"p5\"><span class=\"s2\"><b><i>3. Parking samochodowy jest niestrze\u017cony, a brama wjazdowa zamykana jest o godz. 23.00<\/i><\/b><\/span><\/p><p class=\"p5\"><span class=\"s1\"><b><i>W przypadku p\u00f3\u017aniejszego przyjazdu prosimy o kontakt z recepcj\u0105.<\/i><\/b><\/span><\/p><p class=\"p1\"><span class=\"s2\"><b><i>4. Macie Pa\u0144stwo mo\u017cliwo\u015b\u0107 korzystania z <\/i><\/b><\/span><span class=\"s1\"><b><i>nieodp\u0142atnego <\/i><\/b><\/span><span class=\"s2\"><b><i>serwisu na terenie pensjonatu w sk\u0142ad kt\u00f3rego wchodz\u0105:<\/i><\/b><\/span><\/p><ul class=\"ul2\"><li class=\"li5\"><b><i><\/i><\/b><span class=\"s2\"><b><i>parking niestrze\u017cony<\/i><\/b><\/span><\/li><li class=\"li5\"><b><i><\/i><\/b><span class=\"s2\"><b><i>grill<\/i><\/b><\/span><\/li><li class=\"li5\"><b><i><\/i><\/b><span class=\"s2\"><b><i>rowery<\/i><\/b><\/span><\/li><li class=\"li5\"><b><i><\/i><\/b><span class=\"s2\"><b><i>kijki do nordic walking<\/i><\/b><\/span><\/li><li class=\"li5\"><b><i><\/i><\/b><span class=\"s2\"><b><i>sanki<\/i><\/b><\/span><\/li><li class=\"li5\"><b><i><\/i><\/b><span class=\"s2\"><b><i>badminton<\/i><\/b><\/span><\/li><li class=\"li5\"><b><i><\/i><\/b><span class=\"s2\"><b><i>le\u017caki do opalania<\/i><\/b><\/span><\/li><li class=\"li5\"><b><i><\/i><\/b><span class=\"s2\"><b><i>sejf<\/i><\/b><\/span><\/li><li class=\"li5\"><b><i><\/i><\/b><span class=\"s2\"><b><i>gry planszowe<\/i><\/b><\/span><\/li><li class=\"li5\"><b><i><\/i><\/b><span class=\"s2\"><b><i>ksi\u0105\u017cki<\/i><\/b><\/span><\/li><li class=\"li5\"><b><i><\/i><\/b><span class=\"s2\"><b><i>zewn\u0119trzny st\u00f3\u0142 do gry w ping ponga <\/i><\/b><i>{ rakietki i pi\u0142eczki dost\u0119pne w recepcji}.<\/i><b><i> St\u00f3\u0142 jest wystawiony w sezonie letnim!<\/i><\/b><\/span><\/li><li class=\"li5\"><b><i><\/i><\/b><span class=\"s2\"><b><i>mini sala fitness otwarta w godzinach od 9.00 do 21.00<\/i><\/b><\/span><\/li><li class=\"li5\"><b><i><\/i><\/b><span class=\"s2\"><b><i>konsola XBOX w domku bilardowym<\/i><\/b><\/span><\/li><li class=\"li5\"><b><i><\/i><\/b><span class=\"s2\"><b><i>DVD w pokoju zabaw<\/i><\/b><i>{ bajki i gry video dost\u0119pne w recepcji}<\/i><\/span><\/li><li class=\"li5\"><b><i><\/i><\/b><span class=\"s2\"><b><i>\u017celazko<\/i><\/b><\/span><\/li><li class=\"li5\"><b><i><\/i><\/b><span class=\"s2\"><b><i>suszarka do w\u0142os\u00f3w<\/i><\/b><\/span><\/li><\/ul><p class=\"p5\"><span class=\"s1\"><b><i>O wszystkie w\/w rzeczy prosimy pyta\u0107 w recepcji.<\/i><\/b><\/span><\/p><p class=\"p1\"><span class=\"s2\"><b><i>5. <\/i><\/b><\/span><span class=\"s1\"><b><i>Odp\u0142atnie <\/i><\/b><\/span><span class=\"s2\"><b><i>oferujemy:<\/i><\/b><\/span><\/p><ul class=\"ul2\"><li class=\"li5\"><b><i><\/i><\/b><span class=\"s2\"><b><i>mapy i przewodniki<\/i><\/b><\/span><\/li><\/ul><ul class=\"ul2\"><li class=\"li5\"><b><i><\/i><\/b><span class=\"s2\"><b><i>naczynia jednorazowe do grilla<\/i><\/b><\/span><\/li><\/ul><ul class=\"ul2\"><li class=\"li5\"><b><i><\/i><\/b><span class=\"s2\"><b><i>bilard 10z\u0142\/h<\/i><\/b><\/span><\/li><\/ul><ul class=\"ul2\"><li class=\"li5\"><b><i><\/i><\/b><span class=\"s2\"><b><i>sauna 20 z\u0142\/h<\/i><\/b><i> {mo\u017cliwo\u015b\u0107 jednorazowego wej\u015bcia do sauny do 2 os\u00f3b}<\/i><\/span><\/li><\/ul><ul class=\"ul2\"><li class=\"li5\"><b><i><\/i><\/b><span class=\"s2\"><b><i>pi\u0142karzyki 5z\u0142\/10 pi\u0142ek<span class=\"Apple-converted-space\">\u00a0<\/span><\/i><\/b><\/span><\/li><\/ul><ul class=\"ul2\"><li class=\"li5\"><b><i><\/i><\/b><span class=\"s2\"><b><i>dow\u00f3z pod wyci\u0105g na Szrenic\u0119 5z\u0142\/osoba <\/i><\/b><i>{minimalna liczba ch\u0119tnych to 4 osoby}<\/i><\/span><\/li><\/ul><p class=\"p5\"><span class=\"s1\"><b><i>O wszystkie w\/w rzeczy prosimy pyta\u0107 w recepcji.<\/i><\/b><\/span><\/p><p class=\"p5\"><span class=\"s2\"><b><i>6. Cisza nocna trwa od godziny 22.00 do 7.00 rano dnia nast\u0119pnego.<\/i><\/b><\/span><\/p><p class=\"p5\"><span class=\"s2\"><b><i>7. Prosimy o uregulowanie p\u0142atno\u015bci za pobyt w dniu przyjazdu. W przypadku przybycia w godzinach nocnych prosimy o p\u0142atno\u015b\u0107 najp\u00f3\u017cniej w dniu nast\u0119pnym.<\/i><\/b><\/span><\/p><p class=\"p5\"><span class=\"s2\"><b><i>8. Istnieje mo\u017cliwo\u015b\u0107 bezpiecznego przechowywania pieni\u0119dzy i przedmiot\u00f3w warto\u015bciowych oraz sprz\u0119tu turystycznego<\/i><\/b> {narty, buty, itp.}<\/span><\/p><p class=\"p6\"><span class=\"s2\"><b><i><span class=\"Apple-converted-space\">\u00a0<\/span><\/i><\/b><\/span><b style=\"text-align: var(--text-align); font-family: -apple-system, BlinkMacSystemFont, 'Segoe UI', Roboto, 'Helvetica Neue', Arial, 'Noto Sans', sans-serif, 'Apple Color Emoji', 'Segoe UI Emoji', 'Segoe UI Symbol', 'Noto Color Emoji';\"><i>9. Istnieje mo\u017cliwo\u015b\u0107 przechowywania baga\u017cu go\u015bci w dniu ich wyjazdu.<\/i><\/b><\/p><p class=\"p5\"><span class=\"s2\"><b><i>10. Klucze do pokoi prosimy przekaza\u0107 do recepcji pensjonatu w dniu wyjazdu.<\/i><\/b><\/span><\/p><p class=\"p5\"><span class=\"s2\"><b><i>11. Informujemy, \u017ce akceptujemy p\u0142atno\u015bci kartami p\u0142atniczymi <\/i><\/b>{Visa, Mastercard, Maestro}<\/span><\/p><p class=\"p5\"><span class=\"s2\"><b><i>12. Doba hotelowa trwa od godziny 14.00-11.00.<\/i><\/b><\/span><\/p><p class=\"p5\"><span class=\"s2\"><b><i>13. Na ternie pensjonatu jest dost\u0119p do sieci WI-FI. Logowanie nie wymaga has\u0142a.<\/i><\/b><\/span><\/p><p class=\"p5\"><span class=\"s2\"><b><i>14. Wszelkie usterki prosimy zg\u0142asza\u0107 personelowi pensjonatu. Do\u0142o\u017cymy wszelkich stara\u0144, aby zosta\u0142y natychmiast usuni\u0119te.<\/i><\/b><\/span><\/p><p class=\"p5\"><span class=\"s2\"><b><i>15. Odpowiedzialno\u015b\u0107 za osoby nieletnie na terenie ca\u0142ego pensjonatu ponosz\u0105 ich opiekunowie.<\/i><\/b><\/span><\/p><p class=\"p5\"><span class=\"s2\"><b><i>16. Odpowiedzialno\u015b\u0107 za zwierz\u0119ta na terenie ca\u0142ego pensjonatu ponosz\u0105 ich w\u0142a\u015bciciele.<\/i><\/b><\/span><\/p><p class=\"p8\"><span class=\"s2\"><b><i><span class=\"Apple-converted-space\">\u00a0\u00a0 \u00a0 \u00a0 \u00a0 \u00a0 \u00a0 \u00a0 \u00a0 \u00a0 \u00a0 \u00a0 \u00a0 \u00a0 \u00a0 \u00a0 \u00a0 \u00a0 \u00a0<\/span><\/i><\/b><\/span><span class=\"s4\"><b><i> \u017byczymy mi\u0142ego pobytu!<\/i><\/b><\/span><\/p><p class=\"p9\"><span class=\"s5\"><b><i><span class=\"Apple-converted-space\">\u00a0<\/span><\/i><\/b><\/span><b><i> <\/i><\/b><span class=\"s1\"><b><i>Szanowni Pa\u0144stwo<\/i><\/b><\/span><\/p><p class=\"p11\"><span class=\"s2\"><b><i>Odpowiedzialno\u015b\u0107 za bezpiecze\u0144stwo os\u00f3b nieletnich, zar\u00f3wno w \u201ePokoju zabaw\u201d jak i na terenie ca\u0142ego pensjonatu MAGDALENA spoczywa na ich opiekunach!<\/i><\/b><\/span><\/p><p class=\"p6\"><span class=\"s2\"><b><i><span class=\"Apple-converted-space\">\u00a0\u00a0<\/span><\/i><\/b><\/span><\/p>\t\t\t\t\t\t\t\t<\/div>\n\t\t\t\t<\/div>\n\t\t\t\t\t<\/div>\n\t\t\t\t<\/div>\n\t\t\t\t<\/div>\n\t\t","protected":false},"excerpt":{"rendered":"<p>INFORMATOR DLA GO\u015aCI PENSJONATU \u201eMAGDALENA\u201d W SZKLARSKIEJ POR\u0118BIE. Szanowni Pa\u0144stwo Chc\u0105c sprosta\u0107 Waszym oczekiwaniom i zapewni\u0107 komfortowy wypoczynek w mi\u0142ej atmosferze, prezentujemy kilka praktycznych informacji dotycz\u0105cych pensjonatu. 1. Pensjonat Magdalena sk\u0142ada si\u0119 3 budynk\u00f3w. Pierwszy z nich to pokoje go\u015bcinne z dwoma wej\u015bciami : * Na parterze, gdzie opr\u00f3cz pokoi go\u015bcinnych \u00a0 \u00a0 \u00a0 \u00a0 \u00a0 \u00a0 \u00a0 \u00a0 {pokoje od 1do7} znajduje si\u0119 tak\u017ce mini sala fitness, sauna, hol z biblioteczk\u0105 oraz lod\u00f3wka dla go\u015bci. Dla najm\u0142odszych przygotowali\u015bmy tutaj tak\u017ce \u201ePok\u00f3j zabaw\u201d , w kt\u00f3rym, mamy nadziej\u0119, \u017ce sp\u0119dz\u0105 mi\u0142o i bezpiecznie czas. Doz\u00f3r i odpowiedzialno\u015b\u0107 za bezpiecze\u0144stwo dzieci przebywaj\u0105cych w tym pokoju spoczywa na ich opiekunach. Tu\u017c obok \u201ePokoju zabaw\u201d znajdziecie Pa\u0144stwo pomieszczenie do przechowywania nart i baga\u017cy. Przy wej\u015bciu do budynku znajduje si\u0119 miejsce dla os\u00f3b pal\u0105cych. *Drugie wej\u015bcie { schody od strony Domku bilardowego} prowadzi do pokoi na pierwszym pi\u0119trze {numery od 10 do 15}. Tam tak\u017ce, na ko\u0144cu korytarza, po prawej stronie, znajduje si\u0119, dost\u0119pny dla wszystkich go\u015bci, zewn\u0119trzny taras widokowy z le\u017cakami, sto\u0142ami i parasolami. Przy tym wej\u015bciu jest te\u017c miejsce dla os\u00f3b pal\u0105cych. W drugim budynku mie\u015bci si\u0119 jadalnia otwarta w godzinach 8.30-11.00 {w tych godzinach zapraszamy go\u015bci na \u015bniadanie} oraz 17.00-18.00 {serwowana jest obiadokolacja w sezonie zimowym} lub 18.00-19.00 {w sezonie letnim}. Na stolikach w jadalni ustawione s\u0105 numerki odpowiadaj\u0105ce numerom Pa\u0144stwa pokoi. Na szczycie tego budynku znajduje si\u0119 Recepcja z osobnym wej\u015bciem od strony parkingu. Nr telefonu do recepcji dla go\u015bci pensjonatu 882\u00a0671058\u00a0 Trzeci budynek to \u201eDomek bilardowy\u201d, do kt\u00f3rego klucze posiadacie Pa\u0144stwo w komplecie z kluczami do pokoi. Znajduje si\u0119 w nim du\u017cy telewizor, bilard {bile nale\u017cy zabra\u0107 z recepcji}, konsola XBOX {pady i gry dost\u0119pne w recepcji} oraz pi\u0142karzyki. To idealne miejsce na towarzyskie biesiady i d\u0142ugie nocne rozmowy. Powy\u017cej domku bilardowego usytuowane jest miejsce do grillowania. W pensjonacie znajduj\u0105 si\u0119 trzy apartamenty z osobnymi wej\u015bciami: apartament \u201eSrebrny\u201d z wej\u015bciem bezpo\u015brednio z jadalni, apartament \u201eBr\u0105zowy\u201d z wej\u015bciem obok jadalni oraz apartament \u201eZ\u0142oty\u201d z wej\u015bciem od strony \u201eDomku bilardowego\u201d. 2. Na terenie ogrodu znajduje si\u0119 mini plac zabaw dla dzieci. Odpowiedzialno\u015b\u0107 za swoje pociechy przebywaj\u0105ce na placu zabaw ponosz\u0105 opiekunowie. Ze wzgl\u0119du na to, \u017ce teren pensjonatu jest pag\u00f3rkowaty, bardzo prosimy o zachowanie ostro\u017cno\u015bci szczeg\u00f3lnie w przypadku dzieci i os\u00f3b starszych. 3. Parking samochodowy jest niestrze\u017cony, a brama wjazdowa zamykana jest o godz. 23.00 W przypadku p\u00f3\u017aniejszego przyjazdu prosimy o kontakt z recepcj\u0105. 4. Macie Pa\u0144stwo mo\u017cliwo\u015b\u0107 korzystania z nieodp\u0142atnego serwisu na terenie pensjonatu w sk\u0142ad kt\u00f3rego wchodz\u0105: parking niestrze\u017cony grill rowery kijki do nordic walking sanki badminton le\u017caki do opalania sejf gry planszowe ksi\u0105\u017cki zewn\u0119trzny st\u00f3\u0142 do gry w ping ponga { rakietki i pi\u0142eczki dost\u0119pne w recepcji}. St\u00f3\u0142 jest wystawiony w sezonie letnim! mini sala fitness otwarta w godzinach od 9.00 do 21.00 konsola XBOX w domku bilardowym DVD w pokoju zabaw{ bajki i gry video dost\u0119pne w recepcji} \u017celazko suszarka do w\u0142os\u00f3w O wszystkie w\/w rzeczy prosimy pyta\u0107 w recepcji. 5. Odp\u0142atnie oferujemy: mapy i przewodniki naczynia jednorazowe do grilla bilard 10z\u0142\/h sauna 20 z\u0142\/h {mo\u017cliwo\u015b\u0107 jednorazowego wej\u015bcia do sauny do 2 os\u00f3b} pi\u0142karzyki 5z\u0142\/10 pi\u0142ek\u00a0 dow\u00f3z pod wyci\u0105g na Szrenic\u0119 5z\u0142\/osoba {minimalna liczba ch\u0119tnych to 4 osoby} O wszystkie w\/w rzeczy prosimy pyta\u0107 w recepcji. 6. Cisza nocna trwa od godziny 22.00 do 7.00 rano dnia nast\u0119pnego. 7. Prosimy o uregulowanie p\u0142atno\u015bci za pobyt w dniu przyjazdu. W przypadku przybycia w godzinach nocnych prosimy o p\u0142atno\u015b\u0107 najp\u00f3\u017cniej w dniu nast\u0119pnym. 8. Istnieje mo\u017cliwo\u015b\u0107 bezpiecznego przechowywania pieni\u0119dzy i przedmiot\u00f3w warto\u015bciowych oraz sprz\u0119tu turystycznego {narty, buty, itp.} \u00a09. Istnieje mo\u017cliwo\u015b\u0107 przechowywania baga\u017cu go\u015bci w dniu ich wyjazdu. 10. Klucze do pokoi prosimy przekaza\u0107 do recepcji pensjonatu w dniu wyjazdu. 11. Informujemy, \u017ce akceptujemy p\u0142atno\u015bci kartami p\u0142atniczymi {Visa, Mastercard, Maestro} 12. Doba hotelowa trwa od godziny 14.00-11.00. 13. Na ternie pensjonatu jest dost\u0119p do sieci WI-FI. Logowanie nie wymaga has\u0142a. 14. Wszelkie usterki prosimy zg\u0142asza\u0107 personelowi pensjonatu. Do\u0142o\u017cymy wszelkich stara\u0144, aby zosta\u0142y natychmiast usuni\u0119te. 15. Odpowiedzialno\u015b\u0107 za osoby nieletnie na terenie ca\u0142ego pensjonatu ponosz\u0105 ich opiekunowie. 16. Odpowiedzialno\u015b\u0107 za zwierz\u0119ta na terenie ca\u0142ego pensjonatu ponosz\u0105 ich w\u0142a\u015bciciele. \u00a0\u00a0 \u00a0 \u00a0 \u00a0 \u00a0 \u00a0 \u00a0 \u00a0 \u00a0 \u00a0 \u00a0 \u00a0 \u00a0 \u00a0 \u00a0 \u00a0 \u00a0 \u00a0 \u017byczymy mi\u0142ego pobytu! \u00a0 Szanowni Pa\u0144stwo Odpowiedzialno\u015b\u0107 za bezpiecze\u0144stwo os\u00f3b nieletnich, zar\u00f3wno w \u201ePokoju zabaw\u201d jak i na terenie ca\u0142ego pensjonatu MAGDALENA spoczywa na ich opiekunach! \u00a0\u00a0<\/p>\n","protected":false},"author":2,"featured_media":0,"parent":0,"menu_order":0,"comment_status":"closed","ping_status":"closed","template":"","meta":{"_monsterinsights_skip_tracking":false,"_monsterinsights_sitenote_active":false,"_monsterinsights_sitenote_note":"","_monsterinsights_sitenote_category":0,"_uf_show_specific_survey":0,"_uf_disable_surveys":false,"footnotes":""},"class_list":["post-1861","page","type-page","status-publish","hentry"],"aioseo_notices":[],"jetpack_sharing_enabled":true,"_links":{"self":[{"href":"https:\/\/pensjonatmagdalena.pl\/index.php\/wp-json\/wp\/v2\/pages\/1861","targetHints":{"allow":["GET"]}}],"collection":[{"href":"https:\/\/pensjonatmagdalena.pl\/index.php\/wp-json\/wp\/v2\/pages"}],"about":[{"href":"https:\/\/pensjonatmagdalena.pl\/index.php\/wp-json\/wp\/v2\/types\/page"}],"author":[{"embeddable":true,"href":"https:\/\/pensjonatmagdalena.pl\/index.php\/wp-json\/wp\/v2\/users\/2"}],"replies":[{"embeddable":true,"href":"https:\/\/pensjonatmagdalena.pl\/index.php\/wp-json\/wp\/v2\/comments?post=1861"}],"version-history":[{"count":0,"href":"https:\/\/pensjonatmagdalena.pl\/index.php\/wp-json\/wp\/v2\/pages\/1861\/revisions"}],"wp:attachment":[{"href":"https:\/\/pensjonatmagdalena.pl\/index.php\/wp-json\/wp\/v2\/media?parent=1861"}],"curies":[{"name":"wp","href":"https:\/\/api.w.org\/{rel}","templated":true}]}}